{"id":1657,"date":"2023-02-17T08:15:00","date_gmt":"2023-02-17T07:15:00","guid":{"rendered":"https:\/\/www.stadtbuecherei-glinde.de\/?page_id=1657"},"modified":"2025-12-03T12:58:30","modified_gmt":"2025-12-03T11:58:30","slug":"nacht-der-bibliotheken","status":"publish","type":"page","link":"https:\/\/www.stadtbuecherei-glinde.de\/index.php\/nacht-der-bibliotheken\/","title":{"rendered":"Nacht der Bibliotheken"},"content":{"rendered":"\n<hr class=\"wp-block-separator has-alpha-channel-opacity is-style-wide\"\/>\n\n\n\n<p><strong>Am 04. April 2025 fand die <a href=\"https:\/\/www.nachtderbibliotheken.de\/\" target=\"_blank\" rel=\"noreferrer noopener\">Nacht der Bibliotheken<\/a> zum ersten Mal bundesweit statt!<\/strong><\/p>\n\n\n<div class=\"wp-block-image\">\n<figure class=\"aligncenter size-full\"><img loading=\"lazy\" decoding=\"async\" width=\"512\" height=\"512\" src=\"https:\/\/www.stadtbuecherei-glinde.de\/wp-content\/uploads\/2024\/07\/512.png\" alt=\"\" class=\"wp-image-4258\" srcset=\"https:\/\/www.stadtbuecherei-glinde.de\/wp-content\/uploads\/2024\/07\/512.png 512w, https:\/\/www.stadtbuecherei-glinde.de\/wp-content\/uploads\/2024\/07\/512-300x300.png 300w, https:\/\/www.stadtbuecherei-glinde.de\/wp-content\/uploads\/2024\/07\/512-150x150.png 150w\" sizes=\"auto, (max-width: 512px) 100vw, 512px\" \/><\/figure>\n<\/div>\n\n\n<hr class=\"wp-block-separator has-alpha-channel-opacity is-style-wide\"\/>\n\n\n\n<p><strong>Im Jahr 2023<\/strong> fand die \u201eNacht der Bibliotheken\u201c zum dritten Mal auch im Norden statt. Rund 50 Bibliotheken in ganz Schleswig-Holstein sowie die deutschen B\u00fcchereien in Nordschleswig \u00f6ffneten ihre T\u00fcren, um neugierig zu machen auf ihr umfangreiches Angebot. Ein buntes Programm animierte zum Mitmachen und zeigte, dass Bibliotheken lebendige Orte sind. Die \u201eNacht der Bibliotheken\u201c soll die Aufmerksamkeit auf Bibliotheken lenken und ihre vielf\u00e4ltigen Leistungen als unverzichtbare Kultur- und Bildungseinrichtungen hervorheben.<\/p>\n\n\n\n<figure class=\"wp-block-gallery has-nested-images columns-default is-cropped wp-block-gallery-1 is-layout-flex wp-block-gallery-is-layout-flex\"><\/figure>\n\n\n<div class=\"wp-block-image\">\n<figure class=\"aligncenter size-full is-resized\"><img loading=\"lazy\" decoding=\"async\" width=\"960\" height=\"961\" src=\"https:\/\/www.stadtbuecherei-glinde.de\/wp-content\/uploads\/2023\/02\/230407-motiv-ndb2023-klein_1-big.jpg\" alt=\"\" class=\"wp-image-1915\" style=\"width:324px;height:323px\" srcset=\"https:\/\/www.stadtbuecherei-glinde.de\/wp-content\/uploads\/2023\/02\/230407-motiv-ndb2023-klein_1-big.jpg 960w, https:\/\/www.stadtbuecherei-glinde.de\/wp-content\/uploads\/2023\/02\/230407-motiv-ndb2023-klein_1-big-300x300.jpg 300w, https:\/\/www.stadtbuecherei-glinde.de\/wp-content\/uploads\/2023\/02\/230407-motiv-ndb2023-klein_1-big-150x150.jpg 150w, https:\/\/www.stadtbuecherei-glinde.de\/wp-content\/uploads\/2023\/02\/230407-motiv-ndb2023-klein_1-big-768x769.jpg 768w\" sizes=\"auto, (max-width: 960px) 100vw, 960px\" \/><\/figure>\n<\/div>\n\n\n<p>Zu diesen Anlass \u00f6ffnete auch die Stadtb\u00fccherei Glinde am Abend ihre T\u00fcren. Wir hatten uns ein interessantes und spannendes Programm ausgedacht, um zu zeigen wie vielseitig unsere Einrichtung in den letzten Jahren geworden ist.<\/p>\n\n\n\n<p>\u201eGrenzenlos!\u201c lautete das Motto dieser \u201eNacht der Bibliotheken\u201c und betonte damit den gesellschaftspolitischen Aspekt: Grenzen trennen, Grenzen behindern, Grenzen diskriminieren \u2013 in der Welt, ebenso wie in unserer Gesellschaft. Bibliotheken machen sich f\u00fcr eine Welt stark, in der Grenzen an Bedeutung verlieren. Sie sind Orte ohne Grenzen: Hier sind Menschen aller Kulturen und Interessen willkommen. Sie k\u00f6nnen sich im gesch\u00fctzten Raum mit Gleichgesinnten treffen und miteinander ins Gespr\u00e4ch kommen. Bibliotheken bieten allen B\u00fcrgerinnen und B\u00fcrgern unabh\u00e4ngig von Einkommen und Bildung grenzenlose M\u00f6glichkeiten der Information, (Weiter-)Bildung und pers\u00f6nlichen Entwicklung. Die Bibliothek stellt mit Beratung, Literatur, freiem Internet, Film- und Musikstreaming, Sprachkursen, Computern, 3D-Druckern, Instrumenten, VR-Brillen und vielem mehr die Werkzeuge zur Verf\u00fcgung, die daf\u00fcr ben\u00f6tigt werden. Maker Spaces bieten Raum f\u00fcr Experimente. In der Bibliothek der Dinge leiht man, was man sich nicht kaufen m\u00f6chte. Die vielen, zeitgem\u00e4\u00df ausgestatteten Arbeitspl\u00e4tze der Bibliotheken werden intensiv genutzt und schaffen Bildungschancen f\u00fcr alle.<\/p>\n\n\n\n<p>Ausprobieren, Selbermachen, Neues entdecken! In der Stadtb\u00fccherei Glinde gab es ein buntes Programm. Dazu z\u00e4hlte u. a. ein Escape Room, aus dem man als kleine Gruppe zusammen entkommen musste. Wir stellten unsere Bee Bots und andere Dinge zum Thema Makerspace aus unserem neuen Medienbestand &#8222;Bibliothek der Dinge&#8220; vor. Unsere Lesepat:innen waren ebenfalls an dem Abend anwesend und haben gemeinsam mit Fridolin Lesewuschel Geschichten vorgelesen.<\/p>\n\n\n\n<p>Neben Bibliotheken aus Schleswig-Holstein und dem Ursprungsland Nordrhein-Westfalen waren in diesem Jahr auch Baden-W\u00fcrttemberg und das Saarland dabei. \u00dcber Grenzen hinweg Neues entdecken hie\u00df es in diesem Jahr auch in den deutschen B\u00fcchereien in Nordschleswig, Flandern und S\u00fcdtirol.<\/p>\n\n\n\n<p>Durchgef\u00fchrt wurde die \u201eNacht der Bibliotheken\u201c in Schleswig-Holstein mit freundlicher Unterst\u00fctzung der Bibliotheken NRW. Seit 2005 organisiert der Verband der Bibliotheken des Landes Nordrhein-Westfalen e. V. (vbnw) alle zwei Jahre die \u201eNacht der Bibliotheken\u201c. In NRW beteiligten sich rund 180 Einrichtungen. Unterst\u00fctzt wird die Nacht der Bibliotheken in Schleswig-Holstein von der B\u00fcchereizentrale Schleswig-Holstein. Bundesweiter Partner ist die Leselern-Plattform <a href=\"https:\/\/www.onilo.de\/\" target=\"_blank\" rel=\"noreferrer noopener\">onilo.de<\/a>.<\/p>\n\n\n\n<div class=\"wp-block-media-text is-stacked-on-mobile\"><figure class=\"wp-block-media-text__media\"><img loading=\"lazy\" decoding=\"async\" width=\"1024\" height=\"683\" src=\"https:\/\/www.stadtbuecherei-glinde.de\/wp-content\/uploads\/2024\/09\/Nacht_der_Bibliotheken_Stadtbuecherei_Glinde_Nagel_Tietjen-1024x683.jpg\" alt=\"\" class=\"wp-image-4563 size-full\" srcset=\"https:\/\/www.stadtbuecherei-glinde.de\/wp-content\/uploads\/2024\/09\/Nacht_der_Bibliotheken_Stadtbuecherei_Glinde_Nagel_Tietjen-1024x683.jpg 1024w, https:\/\/www.stadtbuecherei-glinde.de\/wp-content\/uploads\/2024\/09\/Nacht_der_Bibliotheken_Stadtbuecherei_Glinde_Nagel_Tietjen-300x200.jpg 300w, https:\/\/www.stadtbuecherei-glinde.de\/wp-content\/uploads\/2024\/09\/Nacht_der_Bibliotheken_Stadtbuecherei_Glinde_Nagel_Tietjen-768x512.jpg 768w, https:\/\/www.stadtbuecherei-glinde.de\/wp-content\/uploads\/2024\/09\/Nacht_der_Bibliotheken_Stadtbuecherei_Glinde_Nagel_Tietjen-1536x1024.jpg 1536w, https:\/\/www.stadtbuecherei-glinde.de\/wp-content\/uploads\/2024\/09\/Nacht_der_Bibliotheken_Stadtbuecherei_Glinde_Nagel_Tietjen-2048x1365.jpg 2048w\" sizes=\"auto, (max-width: 1024px) 100vw, 1024px\" \/><\/figure><div class=\"wp-block-media-text__content\">\n<p>Mitarbeiterinnen der Stadtb\u00fccherei pr\u00e4sentieren VR-Brille und Schatzkiste (Escape Room)<\/p>\n<\/div><\/div>\n\n\n\n<p class=\"has-text-align-center has-background\" style=\"background-color:#6793bf\"><strong>Freitag, 17. M\u00e4rz 2023<br>18:30 &#8211; 21:30 Uhr<br><br>Unser Programm: <br>Escape Room, Makerspace, Vorlesen f\u00fcr Jung und Alt &amp; vieles mehr!<\/strong><br><br><strong>Der Eintritt ist frei.<\/strong><\/p>\n","protected":false},"excerpt":{"rendered":"<p>Am 04. April 2025 fand die Nacht der Bibliotheken zum ersten Mal bundesweit statt! Im<\/p>\n","protected":false},"author":2,"featured_media":0,"parent":0,"menu_order":0,"comment_status":"closed","ping_status":"closed","template":"","meta":{"footnotes":""},"class_list":["post-1657","page","type-page","status-publish","hentry"],"_links":{"self":[{"href":"https:\/\/www.stadtbuecherei-glinde.de\/index.php\/wp-json\/wp\/v2\/pages\/1657","targetHints":{"allow":["GET"]}}],"collection":[{"href":"https:\/\/www.stadtbuecherei-glinde.de\/index.php\/wp-json\/wp\/v2\/pages"}],"about":[{"href":"https:\/\/www.stadtbuecherei-glinde.de\/index.php\/wp-json\/wp\/v2\/types\/page"}],"author":[{"embeddable":true,"href":"https:\/\/www.stadtbuecherei-glinde.de\/index.php\/wp-json\/wp\/v2\/users\/2"}],"replies":[{"embeddable":true,"href":"https:\/\/www.stadtbuecherei-glinde.de\/index.php\/wp-json\/wp\/v2\/comments?post=1657"}],"version-history":[{"count":38,"href":"https:\/\/www.stadtbuecherei-glinde.de\/index.php\/wp-json\/wp\/v2\/pages\/1657\/revisions"}],"predecessor-version":[{"id":6129,"href":"https:\/\/www.stadtbuecherei-glinde.de\/index.php\/wp-json\/wp\/v2\/pages\/1657\/revisions\/6129"}],"wp:attachment":[{"href":"https:\/\/www.stadtbuecherei-glinde.de\/index.php\/wp-json\/wp\/v2\/media?parent=1657"}],"curies":[{"name":"wp","href":"https:\/\/api.w.org\/{rel}","templated":true}]}}