{"id":2341,"date":"2023-04-28T14:15:00","date_gmt":"2023-04-28T12:15:00","guid":{"rendered":"https:\/\/www.stadtbuecherei-glinde.de\/?page_id=2341"},"modified":"2026-03-24T17:21:00","modified_gmt":"2026-03-24T16:21:00","slug":"medienvielfalt","status":"publish","type":"page","link":"https:\/\/www.stadtbuecherei-glinde.de\/index.php\/medienvielfalt\/","title":{"rendered":"Medienvielfalt"},"content":{"rendered":"\n<p class=\"has-text-align-center has-medium-font-size\">Im Bestand der Stadtb\u00fccherei finden Sie ca. <strong>20.000 Medien<\/strong> f\u00fcr Erwachsene, Jugendliche und Kinder:<\/p>\n\n\n\n<div class=\"wp-block-group is-layout-grid wp-container-core-group-is-layout-9649a0d9 wp-block-group-is-layout-grid\">\n<p class=\"has-text-align-center has-black-color has-pale-cyan-blue-background-color has-text-color has-background has-link-color wp-elements-64ac8481c2d28286f60a3557ebaff078\"><strong>Romane<br>Sachb\u00fccher<br>fremd-sprachige Literatur<\/strong><\/p>\n\n\n\n<p class=\"has-text-align-center has-black-color has-cyan-bluish-gray-background-color has-text-color has-background has-link-color wp-elements-1133c5752d788117f458e6a078769055\"><strong>SPIEGEL-Bestseller<\/strong><\/p>\n\n\n\n<p class=\"has-text-align-center has-black-color has-luminous-vivid-amber-background-color has-text-color has-background has-link-color wp-elements-01383010fff72c0d77b8205a2e4ea846\"><strong>Tages-zeitungen und <br>Zeitschriften<\/strong><\/p>\n\n\n\n<p class=\"has-text-align-center has-black-color has-vivid-green-cyan-background-color has-text-color has-background has-link-color wp-elements-f8d3f0eba4a2f83b8c4bb55377a21270\"><a href=\"https:\/\/www.stadtbuecherei-glinde.de\/index.php\/bibliothek-der-dinge\/\"><strong>Bibliothek der Dinge<\/strong><\/a><\/p>\n\n\n\n<p class=\"has-text-align-center has-black-color has-pale-pink-background-color has-text-color has-background has-link-color wp-elements-27af2b232687d7a83773672deecbe5e3\"><strong>Comics und <br>Cartoons<\/strong><\/p>\n\n\n\n<p class=\"has-text-align-center has-vivid-cyan-blue-background-color has-background\"><strong>H\u00f6rb\u00fccher und CDs<\/strong><\/p>\n\n\n\n<p class=\"has-text-align-center has-black-color has-vivid-green-cyan-background-color has-text-color has-background has-link-color wp-elements-7fe1c2b68ec219e63206cf5da315cc7c wp-container-content-69bc4bdf\"><strong><a href=\"https:\/\/www.stadtbuecherei-glinde.de\/index.php\/bilderbuecher\/\">Bilderb\u00fccher<\/a> <\/strong><\/p>\n\n\n\n<p class=\"has-text-align-center has-black-color has-pale-pink-background-color has-text-color has-background has-link-color wp-elements-41afb0dcd01b4b982491dee4e7a3ffb4\"><br><strong>DVDs &amp; Blurays<\/strong><\/p>\n\n\n\n<p class=\"has-text-align-center has-black-color has-vivid-purple-background-color has-text-color has-background has-link-color wp-elements-43f1074de4083bfa568fc7a15cf4a0fe\"><strong>Konsolenspiele f\u00fcr Switch und Playstation<\/strong><\/p>\n\n\n\n<p class=\"has-text-align-center has-black-color has-vivid-green-cyan-background-color has-text-color has-background has-link-color wp-elements-169b4979fb3502c373ed6343db4c4c31 wp-container-content-69bc4bdf\"><strong>Gesellschaftsspiele und Schach<\/strong><\/p>\n\n\n\n<p class=\"has-text-align-center has-black-color has-cyan-bluish-gray-background-color has-text-color has-background has-link-color wp-elements-a2b6323bb674affd6fae04755e753e3a wp-container-content-69bc4bdf\"><strong>Tiptoi<br>BOOKii<br><a href=\"https:\/\/www.stadtbuecherei-glinde.de\/index.php\/2025\/01\/23\/jetzt-neu-in-der-buecherei-galakto-hoerspielplayer\/\" data-type=\"link\" data-id=\"https:\/\/www.stadtbuecherei-glinde.de\/index.php\/2025\/01\/23\/jetzt-neu-in-der-buecherei-galakto-hoerspielplayer\/\" target=\"_blank\" rel=\"noreferrer noopener\">Galakto-H\u00f6rspiel-<\/a>player<br>SAMi<\/strong><br><\/p>\n\n\n\n<p class=\"has-text-align-center has-black-color has-vivid-red-background-color has-text-color has-background has-link-color wp-elements-d7ebefacc0361c391f1b0990f6f39576 wp-container-content-69bc4bdf\"><strong>Saisonale Medien an Ostern und zu Weihnachten<\/strong><br><\/p>\n<\/div>\n\n\n\n<hr class=\"wp-block-separator has-alpha-channel-opacity is-style-wide\"\/>\n\n\n\n<p><\/p>\n","protected":false},"excerpt":{"rendered":"<p>Im Bestand der Stadtb\u00fccherei finden Sie ca. 20.000 Medien f\u00fcr Erwachsene, Jugendliche und Kinder: RomaneSachb\u00fccherfremd-sprachige<\/p>\n","protected":false},"author":2,"featured_media":0,"parent":0,"menu_order":0,"comment_status":"closed","ping_status":"closed","template":"","meta":{"footnotes":""},"class_list":["post-2341","page","type-page","status-publish","hentry"],"_links":{"self":[{"href":"https:\/\/www.stadtbuecherei-glinde.de\/index.php\/wp-json\/wp\/v2\/pages\/2341","targetHints":{"allow":["GET"]}}],"collection":[{"href":"https:\/\/www.stadtbuecherei-glinde.de\/index.php\/wp-json\/wp\/v2\/pages"}],"about":[{"href":"https:\/\/www.stadtbuecherei-glinde.de\/index.php\/wp-json\/wp\/v2\/types\/page"}],"author":[{"embeddable":true,"href":"https:\/\/www.stadtbuecherei-glinde.de\/index.php\/wp-json\/wp\/v2\/users\/2"}],"replies":[{"embeddable":true,"href":"https:\/\/www.stadtbuecherei-glinde.de\/index.php\/wp-json\/wp\/v2\/comments?post=2341"}],"version-history":[{"count":21,"href":"https:\/\/www.stadtbuecherei-glinde.de\/index.php\/wp-json\/wp\/v2\/pages\/2341\/revisions"}],"predecessor-version":[{"id":6673,"href":"https:\/\/www.stadtbuecherei-glinde.de\/index.php\/wp-json\/wp\/v2\/pages\/2341\/revisions\/6673"}],"wp:attachment":[{"href":"https:\/\/www.stadtbuecherei-glinde.de\/index.php\/wp-json\/wp\/v2\/media?parent=2341"}],"curies":[{"name":"wp","href":"https:\/\/api.w.org\/{rel}","templated":true}]}}